{"id":544,"date":"2024-06-06T11:07:11","date_gmt":"2024-06-06T09:07:11","guid":{"rendered":"https:\/\/mbghexpertiseetaudit.com\/?page_id=544"},"modified":"2025-07-31T16:39:14","modified_gmt":"2025-07-31T14:39:14","slug":"actualites","status":"publish","type":"page","link":"https:\/\/mbghexpertiseetaudit.com\/index.php\/actualites\/","title":{"rendered":"Actualit\u00e9s"},"content":{"rendered":"\t\t<div data-elementor-type=\"wp-page\" data-elementor-id=\"544\" class=\"elementor elementor-544\">\n\t\t\t\t<div class=\"elementor-element elementor-element-82fb5ad e-flex e-con-boxed e-con e-parent\" data-id=\"82fb5ad\" data-element_type=\"container\">\n\t\t\t\t\t<div class=\"e-con-inner\">\n\t\t\t\t<div class=\"elementor-element elementor-element-97aec18 elementor-widget elementor-widget-image\" data-id=\"97aec18\" data-element_type=\"widget\" data-widget_type=\"image.default\">\n\t\t\t\t<div class=\"elementor-widget-container\">\n\t\t\t\t\t\t\t\t\t\t\t\t\t\t\t<img fetchpriority=\"high\" decoding=\"async\" width=\"1024\" height=\"1024\" src=\"https:\/\/mbghexpertiseetaudit.com\/wp-content\/uploads\/2025\/07\/Publication-Instagram-Bureau-Message-7-1024x1024.png\" class=\"attachment-large size-large wp-image-1326\" alt=\"\" srcset=\"https:\/\/mbghexpertiseetaudit.com\/wp-content\/uploads\/2025\/07\/Publication-Instagram-Bureau-Message-7-1024x1024.png 1024w, https:\/\/mbghexpertiseetaudit.com\/wp-content\/uploads\/2025\/07\/Publication-Instagram-Bureau-Message-7-300x300.png 300w, https:\/\/mbghexpertiseetaudit.com\/wp-content\/uploads\/2025\/07\/Publication-Instagram-Bureau-Message-7-150x150.png 150w, https:\/\/mbghexpertiseetaudit.com\/wp-content\/uploads\/2025\/07\/Publication-Instagram-Bureau-Message-7-768x768.png 768w, https:\/\/mbghexpertiseetaudit.com\/wp-content\/uploads\/2025\/07\/Publication-Instagram-Bureau-Message-7.png 1080w\" sizes=\"(max-width: 1024px) 100vw, 1024px\" \/>\t\t\t\t\t\t\t\t\t\t\t\t\t\t\t<\/div>\n\t\t\t\t<\/div>\n\t\t\t\t\t<\/div>\n\t\t\t\t<\/div>\n\t\t<div class=\"elementor-element elementor-element-4e5baf6 e-flex e-con-boxed e-con e-parent\" data-id=\"4e5baf6\" data-element_type=\"container\">\n\t\t\t\t\t<div class=\"e-con-inner\">\n\t\t\t\t<div class=\"elementor-element elementor-element-b687a4a elementor-widget elementor-widget-heading\" data-id=\"b687a4a\" data-element_type=\"widget\" data-widget_type=\"heading.default\">\n\t\t\t\t<div class=\"elementor-widget-container\">\n\t\t\t\t\t<h4 class=\"elementor-heading-title elementor-size-default\">\ud83d\udce2 <strong data-start=\"121\" data-end=\"169\">Fermeture Estivale \u2013 MBGH Expertise et Audit<\/strong><\/h4>\t\t\t\t<\/div>\n\t\t\t\t<\/div>\n\t\t\t\t\t<\/div>\n\t\t\t\t<\/div>\n\t\t<div class=\"elementor-element elementor-element-72b4017 e-flex e-con-boxed e-con e-parent\" data-id=\"72b4017\" data-element_type=\"container\">\n\t\t\t\t\t<div class=\"e-con-inner\">\n\t\t\t\t<div class=\"elementor-element elementor-element-0decc96 elementor-widget elementor-widget-text-editor\" data-id=\"0decc96\" data-element_type=\"widget\" data-widget_type=\"text-editor.default\">\n\t\t\t\t<div class=\"elementor-widget-container\">\n\t\t\t\t\t\t\t\t\t<p>Madame, Monsieur,<\/p>\n<p data-start=\"190\" data-end=\"330\">Nous vous informons que notre cabinet <span data-start=\"228\" data-end=\"255\">MBGH Expertise et Audit<\/span> sera ferm\u00e9 pour cong\u00e9s annuels <strong data-start=\"287\" data-end=\"322\">du 08 ao\u00fbt au 29 ao\u00fbt 2025<\/strong> inclus.<\/p>\n<p data-start=\"332\" data-end=\"567\">Durant cette p\u00e9riode, nos bureaux seront inaccessibles et le traitement des dossiers sera suspendu.<br data-start=\"431\" data-end=\"434\">Cependant, nous restons joignables pour toute demande urgente par e-mail \u00e0 l\u2019adresse suivante : <a href=\"mailto:contact@mbghexpertiseetaudit.com\"><strong data-start=\"530\" data-end=\"566\">contact@mbghexpertiseetaudit.com<\/strong>.<\/a><\/p>\n<p data-start=\"569\" data-end=\"645\">Nous vous remercions pour votre compr\u00e9hension et vous souhaitons un bel \u00e9t\u00e9.<\/p>\n<p data-start=\"647\" data-end=\"699\">Cordialement,<br data-start=\"660\" data-end=\"663\"><\/p>\n<p><span data-start=\"663\" data-end=\"699\">L\u2019\u00e9quipe MBGH Expertise et<\/span><strong data-start=\"663\" data-end=\"699\"> <\/strong><span data-start=\"663\" data-end=\"699\">Audit<\/span><\/p>\t\t\t\t\t\t\t\t<\/div>\n\t\t\t\t<\/div>\n\t\t\t\t\t<\/div>\n\t\t\t\t<\/div>\n\t\t<div class=\"elementor-element elementor-element-3b4aa0d e-flex e-con-boxed e-con e-parent\" data-id=\"3b4aa0d\" data-element_type=\"container\">\n\t\t\t\t\t<div class=\"e-con-inner\">\n\t\t\t\t\t<\/div>\n\t\t\t\t<\/div>\n\t\t<div class=\"elementor-element elementor-element-b6e2c31 e-flex e-con-boxed e-con e-parent\" data-id=\"b6e2c31\" data-element_type=\"container\">\n\t\t\t\t\t<div class=\"e-con-inner\">\n\t\t\t\t<div class=\"elementor-element elementor-element-4f6181e elementor-widget elementor-widget-heading\" data-id=\"4f6181e\" data-element_type=\"widget\" data-widget_type=\"heading.default\">\n\t\t\t\t<div class=\"elementor-widget-container\">\n\t\t\t\t\t<h4 class=\"elementor-heading-title elementor-size-default\"><i>MBGH Expertise et Audit participe au salon des m\u00e9tiers et de l'orientation \u00e0 Villeneuve-le-Roi !<\/i><\/h4>\t\t\t\t<\/div>\n\t\t\t\t<\/div>\n\t\t\t\t\t<\/div>\n\t\t\t\t<\/div>\n\t\t<div class=\"elementor-element elementor-element-832e446 e-flex e-con-boxed e-con e-parent\" data-id=\"832e446\" data-element_type=\"container\">\n\t\t\t\t\t<div class=\"e-con-inner\">\n\t\t\t\t<div class=\"elementor-element elementor-element-aa523ae elementor-widget elementor-widget-text-editor\" data-id=\"aa523ae\" data-element_type=\"widget\" data-widget_type=\"text-editor.default\">\n\t\t\t\t<div class=\"elementor-widget-container\">\n\t\t\t\t\t\t\t\t\t<p>MBGH Expertise et Audit a r\u00e9cemment c\u00e9l\u00e9br\u00e9 son premier mois d&rsquo;activit\u00e9 en participant avec enthousiasme au salon des m\u00e9tiers et de l&rsquo;orientation \u00e0 Villeneuve-le-Roi le 2 f\u00e9vrier 2024. Cette journ\u00e9e marquante symbolise le d\u00e9but d&rsquo;une aventure prometteuse pour notre \u00e9quipe. Nous sommes ravis de partager cette \u00e9tape importante avec vous. <img decoding=\"async\" class=\"emoji\" role=\"img\" draggable=\"false\" src=\"https:\/\/s.w.org\/images\/core\/emoji\/15.0.3\/svg\/1f389.svg\" alt=\"\ud83c\udf89\" \/><\/p><p>Chez MBGH, nous nous engageons \u00e0 vous offrir un suivi attentif et personnalis\u00e9 pour vous accompagner au mieux dans la r\u00e9alisation de vos projets. <img decoding=\"async\" class=\"emoji\" role=\"img\" draggable=\"false\" src=\"https:\/\/s.w.org\/images\/core\/emoji\/15.0.3\/svg\/1f4ca.svg\" alt=\"\ud83d\udcca\" \/><img decoding=\"async\" class=\"emoji\" role=\"img\" draggable=\"false\" src=\"https:\/\/s.w.org\/images\/core\/emoji\/15.0.3\/svg\/1f4bc.svg\" alt=\"\ud83d\udcbc\" \/><\/p><p>Nous vous invitons \u00e0 nous suivre dans cette passionnante aventure en vous abonnant \u00e0 notre page <a href=\"https:\/\/www.linkedin.com\/company\/mbgh-expertise-et-audit\/\"><b><i><u>LinkedIn<\/u><\/i><\/b><\/a>. <img decoding=\"async\" class=\"emoji\" role=\"img\" draggable=\"false\" src=\"https:\/\/s.w.org\/images\/core\/emoji\/15.0.3\/svg\/1f680.svg\" alt=\"\ud83d\ude80\" \/><\/p>\t\t\t\t\t\t\t\t<\/div>\n\t\t\t\t<\/div>\n\t\t\t\t\t<\/div>\n\t\t\t\t<\/div>\n\t\t<div class=\"elementor-element elementor-element-2d075ab e-flex e-con-boxed e-con e-parent\" data-id=\"2d075ab\" data-element_type=\"container\">\n\t\t\t\t\t<div class=\"e-con-inner\">\n\t\t\t\t\t<\/div>\n\t\t\t\t<\/div>\n\t\t\t\t<\/div>\n\t\t","protected":false},"excerpt":{"rendered":"<p>\ud83d\udce2 Fermeture Estivale \u2013 MBGH Expertise et Audit Madame, Monsieur, Nous vous informons que notre cabinet MBGH Expertise et Audit sera ferm\u00e9 pour cong\u00e9s annuels du 08 ao\u00fbt au 29 ao\u00fbt 2025 inclus. Durant cette p\u00e9riode, nos bureaux seront inaccessibles et le traitement des dossiers sera suspendu.Cependant, nous restons joignables pour toute demande urgente par [&hellip;]<\/p>\n","protected":false},"author":2,"featured_media":0,"parent":0,"menu_order":0,"comment_status":"closed","ping_status":"closed","template":"","meta":{"saved_in_kubio":false,"om_disable_all_campaigns":false,"footnotes":""},"class_list":["post-544","page","type-page","status-publish","hentry"],"aioseo_notices":[],"kubio_ai_page_context":{"short_desc":"","purpose":"general"},"_links":{"self":[{"href":"https:\/\/mbghexpertiseetaudit.com\/index.php\/wp-json\/wp\/v2\/pages\/544","targetHints":{"allow":["GET"]}}],"collection":[{"href":"https:\/\/mbghexpertiseetaudit.com\/index.php\/wp-json\/wp\/v2\/pages"}],"about":[{"href":"https:\/\/mbghexpertiseetaudit.com\/index.php\/wp-json\/wp\/v2\/types\/page"}],"author":[{"embeddable":true,"href":"https:\/\/mbghexpertiseetaudit.com\/index.php\/wp-json\/wp\/v2\/users\/2"}],"replies":[{"embeddable":true,"href":"https:\/\/mbghexpertiseetaudit.com\/index.php\/wp-json\/wp\/v2\/comments?post=544"}],"version-history":[{"count":55,"href":"https:\/\/mbghexpertiseetaudit.com\/index.php\/wp-json\/wp\/v2\/pages\/544\/revisions"}],"predecessor-version":[{"id":1329,"href":"https:\/\/mbghexpertiseetaudit.com\/index.php\/wp-json\/wp\/v2\/pages\/544\/revisions\/1329"}],"wp:attachment":[{"href":"https:\/\/mbghexpertiseetaudit.com\/index.php\/wp-json\/wp\/v2\/media?parent=544"}],"curies":[{"name":"wp","href":"https:\/\/api.w.org\/{rel}","templated":true}]}}